{"id":38,"date":"2019-02-21T20:35:30","date_gmt":"2019-02-21T20:35:30","guid":{"rendered":"http:\/\/sg-staffelbach.ch\/wordpress\/?page_id=38"},"modified":"2024-01-17T20:37:35","modified_gmt":"2024-01-17T19:37:35","slug":"schuetzenstube","status":"publish","type":"page","link":"https:\/\/sg-staffelbach.ch\/wordpress\/schuetzenstube","title":{"rendered":"Sch\u00fctzenstube"},"content":{"rendered":"\n<p>Unsere heimelige Sch\u00fctzenstube ist ideal f\u00fcr private Feiern und Vereinsanl\u00e4sse. Wir bieten Platz f\u00fcr bis zu 60 Personen. <br>Nebst dem gewohnten Inventar wie Tische, St\u00fchle und Geschirr ist auch eine funktionelle K\u00fcche vorhanden. <br>F\u00fcr die kalten Tage geben nebst der Elektroheizung auch das sch\u00f6ne Chemin\u00e9e gem\u00fctlich warm. Nat\u00fcrlich verf\u00fcgen wir auch \u00fcber getrennte und beheizbare Toiletten. <\/p>\n\n\n\n<figure class=\"wp-block-image size-large is-style-default\"><img loading=\"lazy\" decoding=\"async\" width=\"1024\" height=\"768\" src=\"https:\/\/sg-staffelbach.ch\/wordpress\/wp-content\/uploads\/2024\/01\/20230804_135346-1024x768.jpg\" alt=\"\" class=\"wp-image-1508\" srcset=\"https:\/\/sg-staffelbach.ch\/wordpress\/wp-content\/uploads\/2024\/01\/20230804_135346-1024x768.jpg 1024w, https:\/\/sg-staffelbach.ch\/wordpress\/wp-content\/uploads\/2024\/01\/20230804_135346-300x225.jpg 300w, https:\/\/sg-staffelbach.ch\/wordpress\/wp-content\/uploads\/2024\/01\/20230804_135346-768x576.jpg 768w, https:\/\/sg-staffelbach.ch\/wordpress\/wp-content\/uploads\/2024\/01\/20230804_135346-1536x1152.jpg 1536w, https:\/\/sg-staffelbach.ch\/wordpress\/wp-content\/uploads\/2024\/01\/20230804_135346-2048x1536.jpg 2048w, https:\/\/sg-staffelbach.ch\/wordpress\/wp-content\/uploads\/2024\/01\/20230804_135346-880x660.jpg 880w\" sizes=\"auto, (max-width: 1024px) 100vw, 1024px\" \/><\/figure>\n\n\n\n<p><br><strong>Eckdaten<\/strong><\/p>\n\n\n\n<ul class=\"wp-block-list\">\n<li>60 Pl\u00e4tze<\/li>\n\n\n\n<li>Geschirr f\u00fcr 60 Personen<\/li>\n\n\n\n<li>Herdplatte (Ceranfeld)<\/li>\n\n\n\n<li>Backofen<\/li>\n\n\n\n<li>Nespresso Kaffeemaschine<\/li>\n\n\n\n<li>Toiletten (getrennt und beheizt)<\/li>\n\n\n\n<li>Chemin\u00e9e<\/li>\n\n\n\n<li>Elektroheizung<\/li>\n\n\n\n<li>Grill (zus\u00e4tzlich mietbar)<\/li>\n\n\n\n<li>Festbankgarnituren (zus\u00e4tzlich mietbar)<\/li>\n<\/ul>\n\n\n\n<p><br><strong>Tarife<\/strong><\/p>\n\n\n\n<figure class=\"wp-block-table is-style-stripes\"><table><tbody><tr><td>Mitglieder SG-Staffebach<\/td><td class=\"has-text-align-left\" data-align=\"left\">Fr. 120.-  <\/td><\/tr><tr><td>Staffelbacher Vereine<\/td><td class=\"has-text-align-left\" data-align=\"left\">Fr. 120.-  <\/td><\/tr><tr><td>Alle anderen Personen<\/td><td class=\"has-text-align-left\" data-align=\"left\">Fr. 180.- <\/td><\/tr><tr><td><span style=\"color: white;\">x<\/span><\/td><td class=\"has-text-align-left\" data-align=\"left\"> <\/td><\/tr><tr><td>Festbankgarnitur per St\u00fcck (max. 5 Stk.)<\/td><td class=\"has-text-align-left\" data-align=\"left\">Fr. 5.- <\/td><\/tr><tr><td>Gasgrill inkl. Gas<\/td><td class=\"has-text-align-left\" data-align=\"left\">Fr. 20.- <\/td><\/tr><tr><td>Tischgrill elektrisch<\/td><td class=\"has-text-align-left\" data-align=\"left\">Fr. 10.-<\/td><\/tr><tr><td>Kaffeemaschine, Bohnen-Vollautomat (inkl. Kaffeebohnen)<\/td><td class=\"has-text-align-left\" data-align=\"left\">Fr. 20.-<\/td><\/tr><tr><td>Party-Zelt 3m x 6m, mit 2 Seitenw\u00e4nden (Zelt wird von uns aufgestellt)<\/td><td class=\"has-text-align-left\" data-align=\"left\">Fr. 50.-<\/td><\/tr><tr><td>jedes weitere Party-Zelt 3m x 6m (max. 4 Stk.)<\/td><td class=\"has-text-align-left\" data-align=\"left\">Fr. 20.-                <\/td><\/tr><\/tbody><\/table><\/figure>\n","protected":false},"excerpt":{"rendered":"<p>Unsere heimelige Sch\u00fctzenstube ist ideal f\u00fcr private Feiern und Vereinsanl\u00e4sse. Wir bieten Platz f\u00fcr bis zu 60 Personen. Nebst dem<\/p>\n","protected":false},"author":1,"featured_media":0,"parent":0,"menu_order":0,"comment_status":"closed","ping_status":"closed","template":"","meta":{"ngg_post_thumbnail":0,"footnotes":""},"class_list":["post-38","page","type-page","status-publish","hentry"],"_links":{"self":[{"href":"https:\/\/sg-staffelbach.ch\/wordpress\/wp-json\/wp\/v2\/pages\/38","targetHints":{"allow":["GET"]}}],"collection":[{"href":"https:\/\/sg-staffelbach.ch\/wordpress\/wp-json\/wp\/v2\/pages"}],"about":[{"href":"https:\/\/sg-staffelbach.ch\/wordpress\/wp-json\/wp\/v2\/types\/page"}],"author":[{"embeddable":true,"href":"https:\/\/sg-staffelbach.ch\/wordpress\/wp-json\/wp\/v2\/users\/1"}],"replies":[{"embeddable":true,"href":"https:\/\/sg-staffelbach.ch\/wordpress\/wp-json\/wp\/v2\/comments?post=38"}],"version-history":[{"count":16,"href":"https:\/\/sg-staffelbach.ch\/wordpress\/wp-json\/wp\/v2\/pages\/38\/revisions"}],"predecessor-version":[{"id":1509,"href":"https:\/\/sg-staffelbach.ch\/wordpress\/wp-json\/wp\/v2\/pages\/38\/revisions\/1509"}],"wp:attachment":[{"href":"https:\/\/sg-staffelbach.ch\/wordpress\/wp-json\/wp\/v2\/media?parent=38"}],"curies":[{"name":"wp","href":"https:\/\/api.w.org\/{rel}","templated":true}]}}