{"id":107,"date":"2019-02-24T19:05:45","date_gmt":"2019-02-24T19:05:45","guid":{"rendered":"http:\/\/sg-staffelbach.ch\/wordpress\/?page_id=107"},"modified":"2020-07-22T16:13:19","modified_gmt":"2020-07-22T15:13:19","slug":"huettenwart","status":"publish","type":"page","link":"https:\/\/sg-staffelbach.ch\/wordpress\/huettenwart","title":{"rendered":"H\u00fcttenwart"},"content":{"rendered":"\n<p>Innoplan Ingenieurb\u00fcro<br>Ruderstrasse 38<br>5040 Sch\u00f6ftland<br>062 721 50 45<\/p>\n\n\n\n<p>Email Frau Judith Scheuzger:<br>info@innoplan-sbhi.ch<\/p>\n\n\n\n<p><em>Sie erreichen uns w\u00e4hrend den B\u00fcrozeiten<\/em><\/p>\n","protected":false},"excerpt":{"rendered":"<p>Innoplan Ingenieurb\u00fcroRuderstrasse 385040 Sch\u00f6ftland062 721 50 45 Email Frau Judith Scheuzger:info@innoplan-sbhi.ch Sie erreichen uns w\u00e4hrend den B\u00fcrozeiten<\/p>\n","protected":false},"author":1,"featured_media":0,"parent":0,"menu_order":0,"comment_status":"closed","ping_status":"closed","template":"","meta":{"ngg_post_thumbnail":0,"footnotes":""},"class_list":["post-107","page","type-page","status-publish","hentry"],"_links":{"self":[{"href":"https:\/\/sg-staffelbach.ch\/wordpress\/wp-json\/wp\/v2\/pages\/107","targetHints":{"allow":["GET"]}}],"collection":[{"href":"https:\/\/sg-staffelbach.ch\/wordpress\/wp-json\/wp\/v2\/pages"}],"about":[{"href":"https:\/\/sg-staffelbach.ch\/wordpress\/wp-json\/wp\/v2\/types\/page"}],"author":[{"embeddable":true,"href":"https:\/\/sg-staffelbach.ch\/wordpress\/wp-json\/wp\/v2\/users\/1"}],"replies":[{"embeddable":true,"href":"https:\/\/sg-staffelbach.ch\/wordpress\/wp-json\/wp\/v2\/comments?post=107"}],"version-history":[{"count":5,"href":"https:\/\/sg-staffelbach.ch\/wordpress\/wp-json\/wp\/v2\/pages\/107\/revisions"}],"predecessor-version":[{"id":687,"href":"https:\/\/sg-staffelbach.ch\/wordpress\/wp-json\/wp\/v2\/pages\/107\/revisions\/687"}],"wp:attachment":[{"href":"https:\/\/sg-staffelbach.ch\/wordpress\/wp-json\/wp\/v2\/media?parent=107"}],"curies":[{"name":"wp","href":"https:\/\/api.w.org\/{rel}","templated":true}]}}