{"id":106,"date":"2019-02-24T19:05:45","date_gmt":"2019-02-24T19:05:45","guid":{"rendered":"http:\/\/sg-staffelbach.ch\/wordpress\/?page_id=106"},"modified":"2022-05-06T20:03:33","modified_gmt":"2022-05-06T19:03:33","slug":"mietreglement","status":"publish","type":"page","link":"https:\/\/sg-staffelbach.ch\/wordpress\/mietreglement","title":{"rendered":"Mietreglement"},"content":{"rendered":"\n<p><strong>Vorwort:<\/strong><br>Das Sch\u00fctzenhaus wird von vielen Menschen benutzt. Damit alle saubere und angenehme Verh\u00e4ltnisse vorfinden, ist es wichtig, dass sich auch alle an gewisse Regeln halten. Wir m\u00f6chten Sie aus diesem Grunde bitten, folgende Punkte zu beachten.<\/p>\n\n\n\n<p><strong>1. Benutzungsrecht<\/strong><br>Die Sch\u00fctzenstube SG-Staffelbach kann f\u00fcr gesellige, kulturelle und feierliche Anl\u00e4sse gemietet werden. Die kommerzielle Nutzung bedarf einer speziellen Zustimmung und ist nicht Gegenstand dieses Reglements.<br><\/p>\n\n\n\n<p><strong>2. Reservation der Sch\u00fctzenstube<\/strong><br>Die Reservation der Sch\u00fctzenstube erfolgt \u00fcber den H\u00fcttenwart. Dabei haben die vereinsinternen Anl\u00e4sse Priorit\u00e4t.<\/p>\n\n\n\n<p><strong>3. \u00dcbernahme<\/strong><br>Die \u00dcbernahme erfolgt nach Absprache mit dem H\u00fcttenwart. Dieser wird im Namen der SG-Staffelbach den Mietvertrag abschliessen und einen Schl\u00fcssel zur Sch\u00fctzenstube aush\u00e4ndigen.<\/p>\n\n\n\n<p><strong>4. Reinigung<\/strong><\/p>\n\n\n\n<p><strong>4.1 B\u00f6den:<\/strong><br>Diese sind nach der H\u00fcttenbenutzung mit dem Besen zu wischen und danach feucht aufzunehmen.<\/p>\n\n\n\n<p><strong>4.2 Toilette:<\/strong><br>Das Lavabo und die Toiletten sind mit den entsprechenden Reinigungsmitteln zu reinigen.<\/p>\n\n\n\n<p><strong>4.3 Geschirr:<\/strong><br>Das gebrauchte Geschirr muss sauber abgewaschen, getrocknet und in die daf\u00fcr vorgesehenen Schubladen und Schr\u00e4nke versorgt werden.<\/p>\n\n\n\n<p><strong>4.4 K\u00fcche:<\/strong><br>Die Abdeckung muss sauber gereinigt werden.<\/p>\n\n\n\n<p><strong>4.5 Tische und St\u00fchle:<\/strong><br>Die Tische m\u00fcssen gereinigt und geordnet platziert, die St\u00fchle m\u00fcssen aufgestuhlt werden.<\/p>\n\n\n\n<p><strong>4.6 Kehricht:<\/strong><br>Das Leergut (Flaschen, B\u00fcchsen, usw.) muss von den Mietern zur\u00fcckgenommen werden. Der Kehricht ist in S\u00e4cke abzuf\u00fcllen und wird ebenfalls von den Mietern entsorgt.<\/p>\n\n\n\n<p><strong>4.7 Asche:<\/strong><br>Die Asche wird durch den H\u00fcttenwart entsorgt. Diese kann im gereinigten Ofen belassen werden.<\/p>\n\n\n\n<p><strong>4.8 K\u00fcchent\u00fccher:<\/strong><br>Die gebrauchten T\u00fccher werden vom Abwart gewaschen und d\u00fcrfen in der K\u00fcche im Sp\u00fclbecken zur\u00fcckgelassen werden.<\/p>\n\n\n\n<p><strong>4.9 Verrechnung Nachreinigung:<\/strong><br>Allf\u00e4llige Nachreinigungen werden mit Fr. 95.- pro Stunde in Rechnung gestellt.<\/p>\n\n\n\n<p><strong>5. Fensterl\u00e4den:<\/strong><br>Die Fensterl\u00e4den werden durch den Mieter wieder geschlossen.<\/p>\n\n\n\n<p><strong>6. Abgabe<\/strong><br>Die R\u00fcckgabe der Sch\u00fctzenstube erfolgt wiederum nach Absprache mit dem H\u00fcttenwart.<br>Die Sch\u00fctzenstube gilt als abgenommen, wenn der H\u00fcttenwart diese kontrolliert hat, allf\u00e4llige M\u00e4ngel beseitigt und der Schl\u00fcssel zur\u00fcckgegeben wurde.<\/p>\n\n\n\n<p><strong>7. Parkplatz und Umgebung<\/strong><br>Parkpl\u00e4tze stehen zum einen direkt beim Sch\u00fctzenhaus und zum andern nach Instruktion des H\u00fcttenwarts zur Verf\u00fcgung. Die Gr\u00fcnfl\u00e4chen neben dem Sch\u00fctzenhaus sind keine Parkpl\u00e4tze. Auf die Interessen der Anwohner ist R\u00fccksicht zu nehmen. L\u00e4rmemissionen und Verunreinigungen der Umgebung (z.B. Flaschen im Gras) sind zu vermeiden.<\/p>\n\n\n\n<p><strong>8. Sorgfaltspflicht, Haftung und Haftungsausschluss<\/strong><br>Die Ben\u00fctzer des Sch\u00fctzenhauses haften solidarisch f\u00fcr Sch\u00e4den am Lokal, dessen Einrichtung und Mobiliar, sowie f\u00fcr fehlendes oder kaputtes Geschirr, Gl\u00e4ser und Besteck. Die SG-Staffelbach lehnt jede Haftbarkeit f\u00fcr Unf\u00e4lle und Sch\u00e4den, welche durch die Ben\u00fctzung der Sch\u00fctzenstube entstehen, ab. Insbesondere wird die Haftung als Werkeigent\u00fcmer gem\u00e4ss Art. 58 OR ausdr\u00fccklich wegbedungen.<\/p>\n\n\n\n<p><strong>9. Geb\u00fchren<\/strong><br>F\u00fcr die Nutzung der Sch\u00fctzenstube werden Geb\u00fchren erhoben, welche sich nach der aktuellen Tarifliste richten. Die Nutzungsgeb\u00fchr ist sp\u00e4testens mit der Abgabe der Sch\u00fctzenstube zu begleichen. Bei Beanstandungen ist der H\u00fcttenwart berechtigt, die Sch\u00e4den in Rechnung zu stellen. <\/p>\n\n\n\n<p><strong>10. Inkraftsetzung<\/strong><br>Dieses Reglement tritt r\u00fcckwirkend ab 01.01.2010 in Kraft. Allf\u00e4llige \u00c4nderungen m\u00fcssen wiederum durch die Generalversammlungen der SG-Staffelbach angenommen werden. Die Tarifliste wird durch die SG-Staffelbach j\u00e4hrlich bestimmt.<\/p>\n\n\n\n<p><strong>Tarifliste<\/strong><br>Nachfolgende Tabelle enth\u00e4lt die Geb\u00fchren, die f\u00fcr die Benutzung der Sch\u00fctzenstube erhoben werden. Diese Geb\u00fchren fliessen der SG-Staffelbach zu und werden f\u00fcr die Entsch\u00e4digung des H\u00fcttenwartes sowie f\u00fcr&nbsp;den laufenden Unterhalt des Geb\u00e4udes verwendet.<\/p>\n\n\n\n<p>Datum: 14.03.2022<\/p>\n\n\n\n<p>F\u00fcr die Benutzung des Sch\u00fctzenhauses werden folgende Geb\u00fchren erhoben:<\/p>\n\n\n\n<figure class=\"wp-block-table\"><table><tbody><tr><td><strong>Nutzer<\/strong><\/td><td><strong>Tarif<\/strong><\/td><\/tr><tr><td>Mitglieder der SG-Staffelbach<\/td><td>Fr. 120.-<\/td><\/tr><tr><td>Staffelbacher Vereine<\/td><td>Fr. 120.-<\/td><\/tr><tr><td>Alle anderen Personen<\/td><td>Fr. 180.-<\/td><\/tr><\/tbody><\/table><\/figure>\n\n\n\n<p><strong>In den Nutzungsgeb\u00fchren sind folgende Leistungen enthalten:<\/strong><\/p>\n\n\n\n<ul class=\"wp-block-list\"><li>Nutzung der K\u00fcche, Inkl. K\u00fchlschrank, Backofen, Herdplatte, Geschirr und Besteck f\u00fcr 60 Persone<\/li><li>Nutzung der Toilettenanlagen<\/li><li>Elektrischer Strom, Heizung, Chemine und Heizmaterial<\/li><\/ul>\n\n\n\n<p><strong>In den Nutzungsgeb\u00fchren nicht enthalten sind:<\/strong><br><\/p>\n\n\n\n<ul class=\"wp-block-list\"><li>Essen und Getr\u00e4nke<\/li><li>Festbankgarnituren und Grill (separat zum Mieten)<\/li><\/ul>\n\n\n\n<p><br><strong>F\u00fcr die Einhaltung des Mietreglements dankt Ihnen die Sch\u00fctzengesellschaft Staffelbach.<\/strong><\/p>\n\n\n\n<p>Staffelbach, 29.10.2013 JF<\/p>\n","protected":false},"excerpt":{"rendered":"<p>Vorwort:Das Sch\u00fctzenhaus wird von vielen Menschen benutzt. Damit alle saubere und angenehme Verh\u00e4ltnisse vorfinden, ist es wichtig, dass sich auch<\/p>\n","protected":false},"author":1,"featured_media":0,"parent":0,"menu_order":0,"comment_status":"closed","ping_status":"closed","template":"","meta":{"ngg_post_thumbnail":0,"footnotes":""},"class_list":["post-106","page","type-page","status-publish","hentry"],"_links":{"self":[{"href":"https:\/\/sg-staffelbach.ch\/wordpress\/wp-json\/wp\/v2\/pages\/106","targetHints":{"allow":["GET"]}}],"collection":[{"href":"https:\/\/sg-staffelbach.ch\/wordpress\/wp-json\/wp\/v2\/pages"}],"about":[{"href":"https:\/\/sg-staffelbach.ch\/wordpress\/wp-json\/wp\/v2\/types\/page"}],"author":[{"embeddable":true,"href":"https:\/\/sg-staffelbach.ch\/wordpress\/wp-json\/wp\/v2\/users\/1"}],"replies":[{"embeddable":true,"href":"https:\/\/sg-staffelbach.ch\/wordpress\/wp-json\/wp\/v2\/comments?post=106"}],"version-history":[{"count":7,"href":"https:\/\/sg-staffelbach.ch\/wordpress\/wp-json\/wp\/v2\/pages\/106\/revisions"}],"predecessor-version":[{"id":1160,"href":"https:\/\/sg-staffelbach.ch\/wordpress\/wp-json\/wp\/v2\/pages\/106\/revisions\/1160"}],"wp:attachment":[{"href":"https:\/\/sg-staffelbach.ch\/wordpress\/wp-json\/wp\/v2\/media?parent=106"}],"curies":[{"name":"wp","href":"https:\/\/api.w.org\/{rel}","templated":true}]}}